{"id":945,"date":"2024-03-14T16:26:15","date_gmt":"2024-03-14T16:26:15","guid":{"rendered":"http:\/\/www.psychotestykierowcow.com\/?page_id=945"},"modified":"2024-03-18T14:20:10","modified_gmt":"2024-03-18T14:20:10","slug":"badania-do-broni","status":"publish","type":"page","link":"http:\/\/www.psychotestykierowcow.com\/index.php\/badania-do-broni\/","title":{"rendered":"Badania do broni"},"content":{"rendered":"\n<div id=\"badania-do-broni\" class=\"wp-block-uagb-container uagb-block-fe4398dd alignfull uagb-is-root-container\"><div class=\"uagb-container-inner-blocks-wrap\">\n<div class=\"wp-block-uagb-container uagb-block-5eb928ac\">\n<div class=\"wp-block-uagb-container uagb-block-a4e6f0d6\">\n<div class=\"wp-block-uagb-advanced-heading uagb-block-bc1556fb\"><h4 class=\"uagb-heading-text\">Wykonujemy badania psychologiczne do dysponowania broni\u0105 do cel\u00f3w:<\/h4><p class=\"uagb-desc-text\">-SPORTOWYCH<br>-\u0141OWIECKICH<strong><br>&#8211;<\/strong>KOLEKCJONERSKICH<strong> <\/strong><br>-SZKOLENIOWYCH<br><\/p><\/div>\n<\/div>\n<\/div>\n<\/div><\/div>\n\n\n\n<div class=\"wp-block-uagb-container uagb-block-e5b47daa alignfull uagb-is-root-container\"><div class=\"uagb-container-inner-blocks-wrap\">\n<div class=\"wp-block-uagb-advanced-heading uagb-block-bd211996\"><h2 class=\"uagb-heading-text\">tel. 606 515 717              Nowy Targ ul. Szaflarska 30<\/h2><\/div>\n\n\n\n<div class=\"wp-block-uagb-container uagb-block-a7dbf172 alignfull uagb-is-root-container\"><div class=\"uagb-container-inner-blocks-wrap\">\n<div class=\"wp-block-uagb-image uagb-block-f7b1f14f wp-block-uagb-image--layout-default wp-block-uagb-image--effect-static wp-block-uagb-image--align-none\"><figure class=\"wp-block-uagb-image__figure\"><img decoding=\"async\" srcset=\"http:\/\/www.psychotestykierowcow.com\/wp-content\/uploads\/2024\/03\/pattern-v-1-123x300-1.png ,http:\/\/www.psychotestykierowcow.com\/wp-content\/uploads\/2024\/03\/pattern-v-1.png 780w\" src=\"http:\/\/www.psychotestykierowcow.com\/wp-content\/uploads\/2024\/03\/pattern-v-1-123x300-1.png\" alt=\"\" class=\"uag-image-145\" width=\"123\" height=\"300\" title=\"\" loading=\"lazy\"\/><\/figure><\/div>\n\n\n\n<div class=\"wp-block-uagb-container uagb-block-2885835a\">\n<div class=\"wp-block-uagb-container uagb-block-1148ff21\">\n<div class=\"wp-block-uagb-advanced-heading uagb-block-af80d7fe\"><h3 class=\"uagb-heading-text\">KTO PRZEPROWADZA BADANIE?<\/h3><p class=\"uagb-desc-text\">Badanie przeprowadza psycholog posiadaj\u0105cy uprawnienia do przeprowadzania bada\u0144 i wydawania orzecze\u0144 psychologicznych stwierdzaj\u0105cych istnienie lub brak przeciwwskaza\u0144 do dysponowania broni\u0105<br><\/p><\/div>\n<\/div>\n\n\n\n<div class=\"wp-block-uagb-container uagb-block-cdd06896\">\n<div class=\"wp-block-uagb-image alignright uagb-block-9e52b035 wp-block-uagb-image--layout-default wp-block-uagb-image--effect-static wp-block-uagb-image--align-right\"><figure class=\"wp-block-uagb-image__figure\"><img decoding=\"async\" srcset=\"http:\/\/www.psychotestykierowcow.com\/wp-content\/uploads\/2024\/03\/badania-kierowcow.jpg , http:\/\/www.psychotestykierowcow.com\/wp-content\/uploads\/2024\/03\/trainer1-1.jpg 360w\" src=\"http:\/\/www.psychotestykierowcow.com\/wp-content\/uploads\/2024\/03\/badania-kierowcow.jpg\" alt=\"\" class=\"uag-image-991\" width=\"2560\" height=\"1859\" title=\"\" loading=\"lazy\"\/><\/figure><\/div>\n<\/div>\n<\/div>\n\n\n\n<div class=\"wp-block-uagb-container uagb-block-b48f44ad\">\n<div class=\"wp-block-uagb-container uagb-block-f67c60fe\">\n<div class=\"wp-block-uagb-image alignleft uagb-block-533e875d wp-block-uagb-image--layout-default wp-block-uagb-image--effect-static wp-block-uagb-image--align-left\"><figure class=\"wp-block-uagb-image__figure\"><img decoding=\"async\" srcset=\"http:\/\/www.psychotestykierowcow.com\/wp-content\/uploads\/2024\/03\/badanie-operatorow-1024x732.jpg , http:\/\/www.psychotestykierowcow.com\/wp-content\/uploads\/2024\/03\/trainer2.jpg 360w\" src=\"http:\/\/www.psychotestykierowcow.com\/wp-content\/uploads\/2024\/03\/badanie-operatorow-1024x732.jpg\" alt=\"\" class=\"uag-image-1061\" width=\"724\" height=\"343\" title=\"\" loading=\"lazy\"\/><\/figure><\/div>\n<\/div>\n\n\n\n<div class=\"wp-block-uagb-container uagb-block-8f5d7514\">\n<div class=\"wp-block-uagb-advanced-heading uagb-block-d7cb3a0d\"><h3 class=\"uagb-heading-text\">JAK WYGL\u0104DA BADANIE<\/h3><p class=\"uagb-desc-text\">Badanie psychologiczne obejmuje ocen\u0119 sprawno\u015bci intelektualnej, osobowo\u015bci &#8211; z uwzgl\u0119dnieniem funkcjonowania w trudnych sytuacjach, poziomu dojrza\u0142o\u015bci spo\u0142ecznej i emocjonalnej. Badania trwa oko\u0142o 1,5 godzin do 2,5 godzin w zale\u017cno\u015bci od tempa pracy osoby badanej.<br>Badanie ko\u0144czy si\u0119 wydaniem orzeczenia psychologicznego<br><\/p><\/div>\n<\/div>\n<\/div>\n<\/div><\/div>\n\n\n\n<div class=\"wp-block-uagb-container uagb-block-3e02b610\">\n<div class=\"wp-block-uagb-container uagb-block-62ea0a70\">\n<div class=\"wp-block-uagb-advanced-heading uagb-block-bf8ad4f9\"><h3 class=\"uagb-heading-text\">USTAWA ZABRANIA WYDANIA ORZECZENIA OSOBOM, KT\u00d3RE:<\/h3><p class=\"uagb-desc-text\"><strong>Nie maj\u0105cym uko\u0144czonych 21 lat<\/strong> (na wniosek szko\u0142y, organizacji sportowej, Polskiego Zwi\u0105zku \u0141owieckiego albo stowarzyszenia obronnego pozwolenie mo\u017ce by\u0107 wydane osobie maj\u0105cej uko\u0144czone 18 lat, jednak\u017ce tylko na bro\u0144 s\u0142u\u017c\u0105c\u0105 do cel\u00f3w sportowych lub \u0142owieckich).<br><strong>Z zaburzeniami psychicznymi<\/strong>, o kt\u00f3rych mowa w ustawie z 19 sierpnia 1994 r. o ochronie zdrowia psychicznego, lub o znacznie ograniczonej sprawno\u015bci psychofizycznej.<br><strong>Wykazuj\u0105cym istotne zaburzenia funkcjonowania psychologicznego.<\/strong><br><strong>Uzale\u017cnionym od alkoholu lub od substancji psychoaktywnych<\/strong>.<br><strong>Nie posiadaj\u0105cym miejsca zamieszkania na terytorium Rzeczypospolitej Polskiej<\/strong>.<br>Stanowi\u0105cym <strong>zagro\u017cenie dla siebie, porz\u0105dku lub bezpiecze\u0144stwa publicznego<\/strong>.<br><strong>Skazanym<\/strong> prawomocnym orzeczeniem s\u0105du za umy\u015blne <strong>przest\u0119pstwo<\/strong> lub umy\u015blne przest\u0119pstwo <strong>skarbowe<\/strong>.<br>Skazanym prawomocnym orzeczeniem s\u0105du za nieumy\u015blne przest\u0119pstwo:<br><strong>przeciwko zdrowiu i \u017cyciu<\/strong>,<br>przeciwko <strong>bezpiecze\u0144stwu w komunikacji<\/strong> pope\u0142nione w stanie nietrze\u017awo\u015bci lub pod wp\u0142ywem \u015brodka odurzaj\u0105cego albo gdy sprawca zbieg\u0142 z miejsca zdarzenia.<br><\/p><\/div>\n<\/div>\n\n\n\n<div class=\"wp-block-uagb-container uagb-block-4b109c4f\">\n<div class=\"wp-block-uagb-image alignright uagb-block-10dd4d82 wp-block-uagb-image--layout-default wp-block-uagb-image--effect-static wp-block-uagb-image--align-right\"><figure class=\"wp-block-uagb-image__figure\"><img decoding=\"async\" srcset=\"http:\/\/www.psychotestykierowcow.com\/wp-content\/uploads\/2024\/03\/psychotesty.jpg , http:\/\/www.psychotestykierowcow.com\/wp-content\/uploads\/2024\/03\/trainer1-1.jpg 360w\" src=\"http:\/\/www.psychotestykierowcow.com\/wp-content\/uploads\/2024\/03\/psychotesty.jpg\" alt=\"\" class=\"uag-image-1083\" width=\"512\" height=\"307\" title=\"\" loading=\"lazy\"\/><\/figure><\/div>\n<\/div>\n<\/div>\n\n\n\n<div class=\"wp-block-uagb-container uagb-block-42380a23\">\n<div class=\"wp-block-uagb-advanced-heading uagb-block-28d2f505\"><h2 class=\"uagb-heading-text\">Zakres naszej dzia\u0142alno\u015bci<\/h2><\/div>\n\n\n\n<div class=\"wp-block-uagb-container uagb-block-27a7b595\">\n<div class=\"wp-block-uagb-container uagb-block-71c916bf\">\n<div class=\"wp-block-uagb-info-box uagb-block-ff7b38f7 uagb-infobox__content-wrap  uagb-infobox-icon-above-title uagb-infobox-image-valign-top\"><div class=\"uagb-ifb-content\"><div class=\"uagb-ifb-icon-wrap\"><svg xmlns=\"https:\/\/www.w3.org\/2000\/svg\" viewBox=\"0 0 512 512\"><path d=\"M256 287.4V32c0-17.67-14.31-32-32-32S192 14.33 192 32v216.3C218.7 248.4 243.7 263.1 256 287.4zM170.8 251.2c2.514-.7734 5.043-1.027 7.57-1.516L93.41 51.39C88.21 39.25 76.34 31.97 63.97 31.97c-20.97 0-31.97 18.01-31.97 32.04c0 4.207 .8349 8.483 2.599 12.6l81.97 191.3L170.8 251.2zM416 224c-17.69 0-32 14.33-32 32v64c0 17.67 14.31 32 32 32s32-14.33 32-32V256C448 238.3 433.7 224 416 224zM320 352c17.69 0 32-14.33 32-32V224c0-17.67-14.31-32-32-32s-32 14.33-32 32v96C288 337.7 302.3 352 320 352zM368 361.9C356.3 375.3 339.2 384 320 384c-27.41 0-50.62-17.32-59.73-41.55c-7.059 21.41-23.9 39.23-47.08 46.36l-47.96 14.76c-1.562 .4807-3.147 .7105-4.707 .7105c-6.282 0-12.18-3.723-14.74-9.785c-.8595-2.038-1.264-4.145-1.264-6.213c0-6.79 4.361-13.16 11.3-15.3l46.45-14.29c17.2-5.293 29.76-20.98 29.76-38.63c0-34.19-32.54-40.07-40.02-40.07c-3.89 0-7.848 .5712-11.76 1.772l-104 32c-18.23 5.606-28.25 22.21-28.25 38.22c0 4.266 .6825 8.544 2.058 12.67L68.19 419C86.71 474.5 138.7 512 197.2 512H272c82.54 0 151.8-57.21 170.7-134C434.6 381.8 425.6 384 416 384C396.8 384 379.7 375.3 368 361.9z\"><\/path><\/svg><\/div><div class=\"uagb-ifb-title-wrap\"><h5 class=\"uagb-ifb-title\">Badania kierowc\u00f3w<\/h5><\/div><p class=\"uagb-ifb-desc\">This is a short description elaborating the service you have mentioned above.\u200b\u200b<\/p><\/div><\/div>\n<\/div>\n\n\n\n<div class=\"wp-block-uagb-container uagb-block-73d7afe4\">\n<div class=\"wp-block-uagb-info-box uagb-block-6d94d7ec uagb-infobox__content-wrap  uagb-infobox-icon-above-title uagb-infobox-image-valign-top\"><div class=\"uagb-ifb-content\"><div class=\"uagb-ifb-icon-wrap\"><svg xmlns=\"https:\/\/www.w3.org\/2000\/svg\" viewBox=\"0 0 512 512\"><path d=\"M490.3 40.4C512.2 62.27 512.2 97.73 490.3 119.6L460.3 149.7L362.3 51.72L392.4 21.66C414.3-.2135 449.7-.2135 471.6 21.66L490.3 40.4zM172.4 241.7L339.7 74.34L437.7 172.3L270.3 339.6C264.2 345.8 256.7 350.4 248.4 353.2L159.6 382.8C150.1 385.6 141.5 383.4 135 376.1C128.6 370.5 126.4 361 129.2 352.4L158.8 263.6C161.6 255.3 166.2 247.8 172.4 241.7V241.7zM192 63.1C209.7 63.1 224 78.33 224 95.1C224 113.7 209.7 127.1 192 127.1H96C78.33 127.1 64 142.3 64 159.1V416C64 433.7 78.33 448 96 448H352C369.7 448 384 433.7 384 416V319.1C384 302.3 398.3 287.1 416 287.1C433.7 287.1 448 302.3 448 319.1V416C448 469 405 512 352 512H96C42.98 512 0 469 0 416V159.1C0 106.1 42.98 63.1 96 63.1H192z\"><\/path><\/svg><\/div><div class=\"uagb-ifb-title-wrap\"><h5 class=\"uagb-ifb-title\">Badania operator\u00f3w <\/h5><\/div><p class=\"uagb-ifb-desc\">W\u00f3zk\u00f3w wid\u0142owych, maszyn, urz\u0105dze\u0144 oraz sprz\u0119tu ci\u0119\u017ckiego<\/p><\/div><\/div>\n<\/div>\n\n\n\n<div class=\"wp-block-uagb-container uagb-block-0982f405\">\n<div class=\"wp-block-uagb-info-box uagb-block-bc27cf02 uagb-infobox__content-wrap  uagb-infobox-icon-above-title uagb-infobox-image-valign-top\"><div class=\"uagb-ifb-content\"><div class=\"uagb-ifb-icon-wrap\"><svg xmlns=\"https:\/\/www.w3.org\/2000\/svg\" viewBox=\"0 0 640 512\"><path d=\"M0 383.9l64 .0404c17.75 0 32-14.29 32-32.03V128.3L0 128.3V383.9zM48 320.1c8.75 0 16 7.118 16 15.99c0 8.742-7.25 15.99-16 15.99S32 344.8 32 336.1C32 327.2 39.25 320.1 48 320.1zM348.8 64c-7.941 0-15.66 2.969-21.52 8.328L228.9 162.3C228.8 162.5 228.8 162.7 228.6 162.7C212 178.3 212.3 203.2 226.5 218.7c12.75 13.1 39.38 17.62 56.13 2.75C282.8 221.3 282.9 221.3 283 221.2l79.88-73.1c6.5-5.871 16.75-5.496 22.62 1c6 6.496 5.5 16.62-1 22.62l-26.12 23.87L504 313.7c2.875 2.496 5.5 4.996 7.875 7.742V127.1c-40.98-40.96-96.48-63.88-154.4-63.88L348.8 64zM334.6 217.4l-30 27.49c-29.75 27.11-75.25 24.49-101.8-4.371C176 211.2 178.1 165.7 207.3 138.9L289.1 64H282.5C224.7 64 169.1 87.08 128.2 127.9L128 351.8l18.25 .0369l90.5 81.82c27.5 22.37 67.75 18.12 90-9.246l18.12 15.24c15.88 12.1 39.38 10.5 52.38-5.371l31.38-38.6l5.374 4.498c13.75 11 33.88 9.002 45-4.748l9.538-11.78c11.12-13.75 9.036-33.78-4.694-44.93L334.6 217.4zM544 128.4v223.6c0 17.62 14.25 32.05 31.1 32.05L640 384V128.1L544 128.4zM592 352c-8.75 0-16-7.246-16-15.99c0-8.875 7.25-15.99 16-15.99S608 327.2 608 336.1C608 344.8 600.8 352 592 352z\"><\/path><\/svg><\/div><div class=\"uagb-ifb-title-wrap\"><h5 class=\"uagb-ifb-title\">Badania do uzyskania pozwolenia do dysponowania broni\u0105<\/h5><\/div><p class=\"uagb-ifb-desc\">My\u015bliwsk\u0105, sportow\u0105<\/p><\/div><\/div>\n<\/div>\n\n\n\n<div class=\"wp-block-uagb-container uagb-block-f8f36b31\">\n<div class=\"wp-block-uagb-info-box uagb-block-56450c19 uagb-infobox__content-wrap  uagb-infobox-icon-above-title uagb-infobox-image-valign-top\"><div class=\"uagb-ifb-content\"><div class=\"uagb-ifb-icon-wrap\"><svg xmlns=\"https:\/\/www.w3.org\/2000\/svg\" viewBox=\"0 0 512 512\"><path d=\"M352 493.4C322.4 505.4 289.9 512 256 512C222.1 512 189.6 505.4 160 493.4V288C160 279.2 152.8 272 144 272C135.2 272 128 279.2 128 288V477.8C51.48 433.5 0 350.8 0 256C0 114.6 114.6 0 256 0C397.4 0 512 114.6 512 256C512 350.8 460.5 433.5 384 477.8V288C384 279.2 376.8 272 368 272C359.2 272 352 279.2 352 288V493.4zM217.6 236.8C224.7 231.5 226.1 221.5 220.8 214.4C190.4 173.9 129.6 173.9 99.2 214.4C93.9 221.5 95.33 231.5 102.4 236.8C109.5 242.1 119.5 240.7 124.8 233.6C142.4 210.1 177.6 210.1 195.2 233.6C200.5 240.7 210.5 242.1 217.6 236.8zM316.8 233.6C334.4 210.1 369.6 210.1 387.2 233.6C392.5 240.7 402.5 242.1 409.6 236.8C416.7 231.5 418.1 221.5 412.8 214.4C382.4 173.9 321.6 173.9 291.2 214.4C285.9 221.5 287.3 231.5 294.4 236.8C301.5 242.1 311.5 240.7 316.8 233.6zM208 368C208 394.5 229.5 416 256 416C282.5 416 304 394.5 304 368V336C304 309.5 282.5 288 256 288C229.5 288 208 309.5 208 336V368z\"><\/path><\/svg><\/div><div class=\"uagb-ifb-title-wrap\"><h5 class=\"uagb-ifb-title\">Badania do orzeczenia o niepe\u0142nosprawno\u015bci<\/h5><\/div><p class=\"uagb-ifb-desc\">This is a short  <\/p><\/div><\/div>\n<\/div>\n<\/div>\n\n\n\n<div class=\"wp-block-uagb-container uagb-block-b2febea6\">\n<div class=\"wp-block-uagb-container uagb-block-b6f4e887\">\n<div class=\"wp-block-uagb-info-box uagb-block-258e6dff uagb-infobox__content-wrap  uagb-infobox-icon-above-title uagb-infobox-image-valign-top\"><div class=\"uagb-ifb-content\"><div class=\"uagb-ifb-icon-wrap\"><svg xmlns=\"https:\/\/www.w3.org\/2000\/svg\" viewBox=\"0 0 512 512\"><path d=\"M0 190.9V185.1C0 115.2 50.52 55.58 119.4 44.1C164.1 36.51 211.4 51.37 244 84.02L256 96L267.1 84.02C300.6 51.37 347 36.51 392.6 44.1C461.5 55.58 512 115.2 512 185.1V190.9C512 232.4 494.8 272.1 464.4 300.4L283.7 469.1C276.2 476.1 266.3 480 256 480C245.7 480 235.8 476.1 228.3 469.1L47.59 300.4C17.23 272.1 .0003 232.4 .0003 190.9L0 190.9z\"><\/path><\/svg><\/div><div class=\"uagb-ifb-title-wrap\"><h5 class=\"uagb-ifb-title\">Konsultacje psychologiczne\u200b\u200b<\/h5><\/div><p class=\"uagb-ifb-desc\">This is a short description elaborating the service you have mentioned above.\u200b\u200b<\/p><\/div><\/div>\n<\/div>\n\n\n\n<div class=\"wp-block-uagb-container uagb-block-016379c9\">\n<div class=\"wp-block-uagb-info-box uagb-block-1d98b0a7 uagb-infobox__content-wrap  uagb-infobox-icon-above-title uagb-infobox-image-valign-top\"><div class=\"uagb-ifb-content\"><div class=\"uagb-ifb-icon-wrap\"><svg xmlns=\"https:\/\/www.w3.org\/2000\/svg\" viewBox=\"0 0 448 512\"><path d=\"M224 256c70.7 0 128-57.31 128-128s-57.3-128-128-128C153.3 0 96 57.31 96 128S153.3 256 224 256zM274.7 304H173.3C77.61 304 0 381.6 0 477.3c0 19.14 15.52 34.67 34.66 34.67h378.7C432.5 512 448 496.5 448 477.3C448 381.6 370.4 304 274.7 304z\"><\/path><\/svg><\/div><div class=\"uagb-ifb-title-wrap\"><h5 class=\"uagb-ifb-title\">Wsparcie w kryzysie<\/h5><\/div><p class=\"uagb-ifb-desc\">Konsultacje z psychotraumatologiem<\/p><\/div><\/div>\n<\/div>\n\n\n\n<div class=\"wp-block-uagb-container uagb-block-9bccc642\">\n<div class=\"wp-block-uagb-info-box uagb-block-5dd225c1 uagb-infobox__content-wrap  uagb-infobox-icon-above-title uagb-infobox-image-valign-top\"><div class=\"uagb-ifb-content\"><div class=\"uagb-ifb-icon-wrap\"><svg xmlns=\"https:\/\/www.w3.org\/2000\/svg\" viewBox=\"0 0 512 512\"><path d=\"M480 32H128C110.3 32 96 46.33 96 64v336C96 408.8 88.84 416 80 416S64 408.8 64 400V96H32C14.33 96 0 110.3 0 128v288c0 35.35 28.65 64 64 64h384c35.35 0 64-28.65 64-64V64C512 46.33 497.7 32 480 32zM272 416h-96C167.2 416 160 408.8 160 400C160 391.2 167.2 384 176 384h96c8.836 0 16 7.162 16 16C288 408.8 280.8 416 272 416zM272 320h-96C167.2 320 160 312.8 160 304C160 295.2 167.2 288 176 288h96C280.8 288 288 295.2 288 304C288 312.8 280.8 320 272 320zM432 416h-96c-8.836 0-16-7.164-16-16c0-8.838 7.164-16 16-16h96c8.836 0 16 7.162 16 16C448 408.8 440.8 416 432 416zM432 320h-96C327.2 320 320 312.8 320 304C320 295.2 327.2 288 336 288h96C440.8 288 448 295.2 448 304C448 312.8 440.8 320 432 320zM448 208C448 216.8 440.8 224 432 224h-256C167.2 224 160 216.8 160 208v-96C160 103.2 167.2 96 176 96h256C440.8 96 448 103.2 448 112V208z\"><\/path><\/svg><\/div><div class=\"uagb-ifb-title-wrap\"><h5 class=\"uagb-ifb-title\">\u200bTerapia dzieci i m\u0142odzie\u017cy<\/h5><\/div><p class=\"uagb-ifb-desc\">This is a short description elaborating the service you have mentioned above.\u200b\u200b<\/p><\/div><\/div>\n<\/div>\n\n\n\n<div class=\"wp-block-uagb-container uagb-block-dc4045f5\">\n<div class=\"wp-block-uagb-info-box uagb-block-e1a7ae11 uagb-infobox__content-wrap  uagb-infobox-icon-above-title uagb-infobox-image-valign-top\"><div class=\"uagb-ifb-content\"><div class=\"uagb-ifb-icon-wrap\"><svg xmlns=\"https:\/\/www.w3.org\/2000\/svg\" viewBox=\"0 0 512 512\"><path d=\"M480 32H128C110.3 32 96 46.33 96 64v336C96 408.8 88.84 416 80 416S64 408.8 64 400V96H32C14.33 96 0 110.3 0 128v288c0 35.35 28.65 64 64 64h384c35.35 0 64-28.65 64-64V64C512 46.33 497.7 32 480 32zM272 416h-96C167.2 416 160 408.8 160 400C160 391.2 167.2 384 176 384h96c8.836 0 16 7.162 16 16C288 408.8 280.8 416 272 416zM272 320h-96C167.2 320 160 312.8 160 304C160 295.2 167.2 288 176 288h96C280.8 288 288 295.2 288 304C288 312.8 280.8 320 272 320zM432 416h-96c-8.836 0-16-7.164-16-16c0-8.838 7.164-16 16-16h96c8.836 0 16 7.162 16 16C448 408.8 440.8 416 432 416zM432 320h-96C327.2 320 320 312.8 320 304C320 295.2 327.2 288 336 288h96C440.8 288 448 295.2 448 304C448 312.8 440.8 320 432 320zM448 208C448 216.8 440.8 224 432 224h-256C167.2 224 160 216.8 160 208v-96C160 103.2 167.2 96 176 96h256C440.8 96 448 103.2 448 112V208z\"><\/path><\/svg><\/div><div class=\"uagb-ifb-title-wrap\"><h5 class=\"uagb-ifb-title\">\u200bTerapia os\u00f3b doros\u0142ych<\/h5><\/div><p class=\"uagb-ifb-desc\">This is a short description elaborating the service you have mentioned above.\u200b\u200b<\/p><\/div><\/div>\n<\/div>\n<\/div>\n<\/div>\n<\/div><\/div>\n","protected":false},"excerpt":{"rendered":"","protected":false},"author":1,"featured_media":0,"parent":0,"menu_order":0,"comment_status":"closed","ping_status":"closed","template":"","meta":{"_uag_custom_page_level_css":"","site-sidebar-layout":"default","site-content-layout":"","ast-site-content-layout":"default","site-content-style":"default","site-sidebar-style":"default","ast-global-header-display":"","ast-banner-title-visibility":"","ast-main-header-display":"","ast-hfb-above-header-display":"","ast-hfb-below-header-display":"","ast-hfb-mobile-header-display":"","site-post-title":"","ast-breadcrumbs-content":"","ast-featured-img":"","footer-sml-layout":"","theme-transparent-header-meta":"","adv-header-id-meta":"","stick-header-meta":"","header-above-stick-meta":"","header-main-stick-meta":"","header-below-stick-meta":"","astra-migrate-meta-layouts":"set","ast-page-background-enabled":"default","ast-page-background-meta":{"desktop":{"background-color":"var(--ast-global-color-4)","background-image":"","background-repeat":"repeat","background-position":"center center","background-size":"auto","background-attachment":"scroll","background-type":"","background-media":"","overlay-type":"","overlay-color":"","overlay-gradient":""},"tablet":{"background-color":"","background-image":"","background-repeat":"repeat","background-position":"center center","background-size":"auto","background-attachment":"scroll","background-type":"","background-media":"","overlay-type":"","overlay-color":"","overlay-gradient":""},"mobile":{"background-color":"","background-image":"","background-repeat":"repeat","background-position":"center center","background-size":"auto","background-attachment":"scroll","background-type":"","background-media":"","overlay-type":"","overlay-color":"","overlay-gradient":""}},"ast-content-background-meta":{"desktop":{"background-color":"var(--ast-global-color-5)","background-image":"","background-repeat":"repeat","background-position":"center center","background-size":"auto","background-attachment":"scroll","background-type":"","background-media":"","overlay-type":"","overlay-color":"","overlay-gradient":""},"tablet":{"background-color":"var(--ast-global-color-5)","background-image":"","background-repeat":"repeat","background-position":"center center","background-size":"auto","background-attachment":"scroll","background-type":"","background-media":"","overlay-type":"","overlay-color":"","overlay-gradient":""},"mobile":{"background-color":"var(--ast-global-color-5)","background-image":"","background-repeat":"repeat","background-position":"center center","background-size":"auto","background-attachment":"scroll","background-type":"","background-media":"","overlay-type":"","overlay-color":"","overlay-gradient":""}},"footnotes":""},"uagb_featured_image_src":{"full":false,"thumbnail":false,"medium":false,"medium_large":false,"large":false,"1536x1536":false,"2048x2048":false},"uagb_author_info":{"display_name":"admin","author_link":"http:\/\/www.psychotestykierowcow.com\/index.php\/author\/admin\/"},"uagb_comment_info":0,"uagb_excerpt":null,"_links":{"self":[{"href":"http:\/\/www.psychotestykierowcow.com\/index.php\/wp-json\/wp\/v2\/pages\/945"}],"collection":[{"href":"http:\/\/www.psychotestykierowcow.com\/index.php\/wp-json\/wp\/v2\/pages"}],"about":[{"href":"http:\/\/www.psychotestykierowcow.com\/index.php\/wp-json\/wp\/v2\/types\/page"}],"author":[{"embeddable":true,"href":"http:\/\/www.psychotestykierowcow.com\/index.php\/wp-json\/wp\/v2\/users\/1"}],"replies":[{"embeddable":true,"href":"http:\/\/www.psychotestykierowcow.com\/index.php\/wp-json\/wp\/v2\/comments?post=945"}],"version-history":[{"count":8,"href":"http:\/\/www.psychotestykierowcow.com\/index.php\/wp-json\/wp\/v2\/pages\/945\/revisions"}],"predecessor-version":[{"id":1200,"href":"http:\/\/www.psychotestykierowcow.com\/index.php\/wp-json\/wp\/v2\/pages\/945\/revisions\/1200"}],"wp:attachment":[{"href":"http:\/\/www.psychotestykierowcow.com\/index.php\/wp-json\/wp\/v2\/media?parent=945"}],"curies":[{"name":"wp","href":"https:\/\/api.w.org\/{rel}","templated":true}]}}